{"id":29,"date":"2016-09-18T15:34:53","date_gmt":"2016-09-18T13:34:53","guid":{"rendered":"http:\/\/ristorantedaangelo.de\/?page_id=29"},"modified":"2016-09-27T13:17:27","modified_gmt":"2016-09-27T11:17:27","slug":"impressum","status":"publish","type":"page","link":"http:\/\/ristorantedaangelo.de\/index.php\/impressum\/","title":{"rendered":"Claudio &#038; Giuseppe Vangelista GbR"},"content":{"rendered":"<h1>Claudio &amp; Giuseppe Vangelista GbR<\/h1>\n<h2>Anschrift<\/h2>\n<p>Claudio &amp; Giuseppe Vangelista GbR<br \/>\nHauptstra\u00dfe 58<br \/>\n76855 Annweiler am Trifels<br \/>\n<b>Telefon<\/b> (06346) 86 04<br \/>\n<b>Telefax<\/b> (06346) 30 82 91<br \/>\n<b>Web<\/b> www.ristorantedaangelo.de<br \/>\n<b>E-Mail<\/b> info@ristorantedaangelo.de<\/p>\n<h2>Vertretungsberechtigt<\/h2>\n<p>Claudio Vangelista, Giuseppe Vangelista<\/p>\n<p><b>Umsatzsteuer-ID: <\/b> 207984591<\/p>\n<h2>Konzeption &amp; Design<\/h2>\n<div id=\"attachment_126\" style=\"width: 210px\" class=\"wp-caption alignnone\"><a href=\"http:\/\/www.esti-media.de\" target=\"_blank\"><img loading=\"lazy\" decoding=\"async\" aria-describedby=\"caption-attachment-126\" class=\"wp-image-126 size-full\" src=\"http:\/\/ristorantedaangelo.de\/wp-content\/uploads\/2016\/09\/esti-sign.png\" alt=\"esti-sign\" width=\"200\" height=\"200\" srcset=\"http:\/\/ristorantedaangelo.de\/wp-content\/uploads\/2016\/09\/esti-sign.png 200w, http:\/\/ristorantedaangelo.de\/wp-content\/uploads\/2016\/09\/esti-sign-150x150.png 150w\" sizes=\"auto, (max-width: 200px) 100vw, 200px\" \/><\/a><p id=\"caption-attachment-126\" class=\"wp-caption-text\">esti-media | simple design<\/p><\/div>\n<h2><\/h2>\n<h2>Datenschutzerkl\u00e4rung Allgemein<\/h2>\n<p>Die Erhebung und Verwendung personenbezogener Daten der Nutzer unserer Internetseiten findet ausschlie\u00dflich unter Beachtung der datenschutzrechtlichen Gesetze der Bundesrepublik Deutschland statt. Im Folgenden teilen wir Ihnen mit, auf welche Art, in welchem Umfang und zu welchem Zweck wir Ihre personenbezogenen Daten erheben und nutzen. Die Informationen zum Datenschutz k\u00f6nnen Sie auf dieser Website st\u00e4ndig abrufen.<\/p>\n<p>\u00dcbermittlung und Speicherung von Daten aus technischen Gr\u00fcnden und zu Zwecken von Statistik und Marktforschung.<\/p>\n<p>Wenn Sie auf unsere Website zugreifen, \u00fcbermittelt Ihr Internet-Browser aus technischen Gr\u00fcnden automatisch bestimmte Daten an unseren Server. Dies sind zum Beispiel Datum und Uhrzeit des Seitenaufrufes, die URL der Website, die Sie zuvor besucht haben, die von unserer Website abgerufenen Dateien, gesendete Datenmengen, Typ und Version Ihres Webbrowsers, Ihr Betriebssystem und Ihre IP-Adresse. Wie speichern diese Daten getrennt von anderen Daten, die Sie ggf. bei Nutzung unseres Internetangebotes auf unserer Website eingeben. Diese Daten k\u00f6nnen wir also nicht Ihrer Person zuordnen; sie werden lediglich statistisch ausgewertet und danach gel\u00f6scht.<\/p>\n<p>Erhebung und Nutzung von Bestandsdaten<\/p>\n<p>Die Nutzung unserer Webseite ist in den meisten F\u00e4llen ohne eine Angabe personenbezogener Daten (z.B. Name, Adresse, Emailadresse, Telefonnummer) m\u00f6glich. Kommt zwischen Ihnen und uns ein Vertrag zustande oder soll ein solcher inhaltlich abge\u00e4ndert werden, erheben und verwenden wir personenbezogene Daten von Ihnen. Die Erhebung und Nutzung Ihrer Daten erfolgt nur in dem f\u00fcr diese Zwecke erforderlichen Umfang. Von uns erhobene personenbezogene Daten geben wir ohne Ihre ausdr\u00fcckliche Zustimmung nicht an Dritte weiter.<\/p>\n<p>Eine Weitergabe von Bestandsdaten an Beh\u00f6rden erfolgt nur, soweit wir dazu im Einzelfall auf Basis bestehender Gesetze, etwa f\u00fcr Zwecke der Strafverfolgung, Gefahrenabwehr oder zum Schutz von Urheberrechten, verpflichtet sind.<\/p>\n<p>Erhebung und Nutzung von Nutzungsdaten<\/p>\n<p>Um die Nutzung unseres Internetangebotes zu erm\u00f6glichen, die Nutzungsm\u00f6glichkeiten zu verbessern oder Dienstleistungen abzurechnen, erheben und nutzen wir im erforderlichen Umfang personenbezogene Daten der Besucher unserer Internetseiten. Diese umfassen zum Beispiel Identifikationsmerkmale des Nutzers sowie Anfang, Ende und Umfang des Besuchs auf unseren Webseiten.<\/p>\n<p>Wir d\u00fcrfen f\u00fcr Zwecke des Marketing, der Marktforschung und der nutzergerechten Gestaltung unseres Internetangebotes Nutzungsprofile erstellen, soweit wir daf\u00fcr Pseudonyme verwenden. Einer solchen Verwendung Ihrer Nutzerdaten d\u00fcrfen Sie widersprechen. Wir d\u00fcrfen derartige Nutzerprofile nicht mit Daten \u00fcber den Tr\u00e4ger des Pseudonyms in Verbindung bringen.<\/p>\n<p>Eine Weitergabe von Nutzungsdaten an Beh\u00f6rden erfolgt nur, soweit wir dazu im Einzelfall auf Basis bestehender Gesetze, etwa f\u00fcr Zwecke der Strafverfolgung, Gefahrenabwehr oder zum Schutz von Urheberrechten, verpflichtet sind.<\/p>\n<p>Verwendung von Cookies<\/p>\n<p>Um die Anwendungsm\u00f6glichkeiten unseres Internetangebotes zu verbessern und f\u00fcr die Nutzer komfortabler zu machen, verwenden wir sogenannte \u201eCookies\u201c, kleine Textdateien, die auf Ihrem Computer gespeichert werden und die Informationen \u00fcber Ihre Nutzung unserer Website und des Internet enthalten. Sie k\u00f6nnen das Abspeichern von Cookies auf Ihrem Computer durch entsprechende Einstellungen in Ihrem Browser unterbinden. Es ist jedoch m\u00f6glich, dass Sie dadurch unser Internetangebot nicht in komplettem Umfang nutzen k\u00f6nnen.<\/p>\n<p>Auskunftsrecht des Nutzers<\/p>\n<p>Als Nutzer unseres Internetangebotes d\u00fcrfen Sie von uns Auskunft \u00fcber die zu Ihrer Person oder Ihrem Pseudonym bei uns gespeicherten Daten fordern. Eine solche Auskunft kann auf Wunsch auch auf elektronischem Weg erfolgen.<\/p>\n<p>Datenzugriff durch Unbefugte<\/p>\n<p>Eine Daten\u00fcbermittlung \u00fcber das Internet beinhaltet immer das Risiko, dass unbefugte Dritte Zugriff auf Ihre Daten nehmen. Ein vollkommener Schutz Ihrer Kommunikation etwa per E-Mail kann nicht gew\u00e4hrleistet werden.<\/p>\n<p>Zusendung unverlangter Werbung an uns<\/p>\n<p>Wir widersprechen hiermit ausdr\u00fccklich jeglicher Nutzung unserer im Rahmen der Impressumpflicht ver\u00f6ffentlichten Kontaktdaten durch Dritte zum Zwecke der Zusendung unverlangter Werbe- und Informationsmaterialien. Wir behalten uns rechtliche Schritte gegen die Absender unverlangt zugesandter Spam-Mails oder anderer Werbesendungen vor.<\/p>\n<h2>Datenschutzerkl\u00e4rung Facebook<\/h2>\n<p>Unsere Webseiten enthalten Plugins des sozialen Netzwerks Facebook (Facebook Inc., 1601 Willow Road, Menlo Park, California, 94025, USA). Diese Plugins zeigen zum Beispiel das Facebook-Logo oder den &#8222;Like-Button&#8220; (&#8222;Gef\u00e4llt mir&#8220;). Der folgende Link gibt Ihnen eine \u00dcbersicht \u00fcber alle Plugins des sozialen Netzwerkes Facebook: http:\/\/developers.facebook.com\/docs\/plugins\/.<\/p>\n<p>Sobald Sie unsere Seite aufrufen, kommt mit Hilfe dieser Plugins eine direkte Verbindung zwischen Ihrem Browser und dem Server von Facebook zustande. Das hei\u00dft: Facebook erf\u00e4hrt, dass von Ihrer IP-Adresse aus Zugriff auf unsere Webseite genommen wurde. Klicken Sie einen Facebook-Button an, w\u00e4hrend Sie in Ihrem Facebook-Account eingeloggt sind, k\u00f6nnen Sie zum Beispiel Ihr Facebook-Profil mit unseren Seiten verlinken. Allerdings kann Facebook auch feststellen, dass Sie (als Facebook bekannter Nutzer) unsere Seiten aufgesucht haben. Wir weisen ausdr\u00fccklich darauf hin, dass wir nicht wissen, welche Daten im Einzelnen an Facebook \u00fcbermittelt werden und wie Facebook diese Daten nutzt. Sofern Sie nicht m\u00f6chten, dass Facebook Ihr Benutzerkonto mit der Nutzung unserer Internetseiten in Verbindung bringen kann, sollten Sie sich w\u00e4hrend des Aufenthalts auf unseren Seiten aus Ihrem Facebook-Account ausloggen.<\/p>\n<p>Zum Umgang mit personenbezogenen Daten bei Facebook selbst gibt die Datenschutzerkl\u00e4rung von Facebook Auskunft unter: https:\/\/www.facebook.com\/about\/privacy<\/p>\n<h2>Bildnachweise<\/h2>\n<p>\u00a9 Carissa Gan\/ https:\/\/www.pexels.com\/photo\/pizza-with-hot-dog-and-cheese-65132\/ Verwendung: Alle Seiten dieser Webseite (Header)<\/p>\n<p>\u00a9 William Iven\/ https:\/\/www.pexels.com\/photo\/apple-technology-ipad-computer-38568\/ Verwendung: http:\/\/ristorantedaangelo.de\/index.php\/2016\/09\/18\/neue-webpraesenz\/<\/p>\n<p>\u00a9 Axel Brachat\/Verwendung: http:\/\/ristorantedaangelo.de\/index.php\/ristorante\/<\/p>\n<h2>Disclaimer<\/h2>\n<p>Haftung f\u00fcr Inhalte unserer Websites<\/p>\n<p>Nach \u00a7 7 Abs.1 Telemediengesetz (TMG) sind wir als Diensteanbieter f\u00fcr eigene Inhalte auf diesen Internetseiten im Rahmen der allgemeinen Gesetze verantwortlich. Gem\u00e4\u00df den \u00a7\u00a7 8 bis 10 TMG haben wir als Diensteanbieter allerdings nicht die Pflicht, \u00fcbermittelte oder gespeicherte fremde Informationen zu \u00fcberwachen oder nach Hinweisen auf rechtswidrige T\u00e4tigkeiten zu suchen. Gesetzliche Verpflichtungen zur Entfernung oder Sperrung von Inhalten oder Informationen oder zur Sperrung von Nutzungsm\u00f6glichkeiten unseres Internetauftritts sind davon ausgenommen. Eine Haftung kann jedoch erst von dem Zeitpunkt an eintreten, zu dem wir von einer konkreten Rechtsverletzung Kenntnis erhalten haben. Sobald wir von einer Rechtsverletzung im Rahmen unseres Internetangebotes erfahren, werden wir die entsprechenden Inhalte umgehend entfernen.<\/p>\n<p>Haftung f\u00fcr Links<\/p>\n<p>Unser Internetangebot enth\u00e4lt Links zu externen Websites Dritter. Wir weisen ausdr\u00fccklich darauf hin, dass wir keinerlei Einfluss auf die Inhalte dieser Websites haben. F\u00fcr die Inhalte dieser fremden Internetseiten k\u00f6nnen wir dementsprechend keinerlei Haftung oder Gew\u00e4hr \u00fcbernehmen. Verantwortlich ist deren jeweiliger Anbieter bzw. Betreiber. Wir haben diese Seiten zum Zeitpunkt der Verlinkung auf m\u00f6gliche Gesetzesverst\u00f6\u00dfe gepr\u00fcft und keine rechtswidrigen Inhalte gefunden. Eine st\u00e4ndige Kontrolle verlinkter Seiten ist jedoch nicht m\u00f6glich. Eine \u00dcberpr\u00fcfung kann allenfalls bei Vorliegen konkreter Hinweise auf eine Rechtsverletzung stattfinden. Erfahren wir von einer Rechtsverletzung auf den verlinkten Seiten, werden wir den entsprechenden Link umgehend von unserer Website entfernen.<\/p>\n<p>Urheberrecht<\/p>\n<p>F\u00fcr die auf unseren Internetseiten ver\u00f6ffentlichten Inhalte und Werke gilt das deutsche Urheberrecht. Jede Vervielf\u00e4ltigung, Bearbeitung, Verbreitung und Verwertung erfordert die schriftliche Zustimmung des jeweiligen Autors oder Erstellers. Downloads und Kopien dieser Seiten sind ausschlie\u00dflich f\u00fcr den privaten, nichtkommerziellen Gebrauch zul\u00e4ssig.<\/p>\n<p>Unsere Seiten k\u00f6nnen Inhalte aufweisen, die nicht vom Betreiber selbst erstellt wurden. Bei diesen Inhalten wurden die Urheberrechte Dritter beachtet. Inhalte, an denen Dritte das Urheberrecht innehaben, sind entsprechend gekennzeichnet. Stellen Sie auf unseren Internetseiten trotzdem einen Urheberrechtsversto\u00df fest, bitten wir, uns dies mitzuteilen. Wir werden den entsprechenden Inhalt dann umgehend von unseren Webseiten entfernen.<\/p>\n<p>Dieses Impressum wurde erstellt mit dem Impressum-Generator vom Anwalt-Suchservice.<\/p>\n","protected":false},"excerpt":{"rendered":"<p>Claudio &amp; Giuseppe Vangelista GbR Anschrift Claudio &amp; Giuseppe Vangelista GbR Hauptstra\u00dfe 58 76855 Annweiler am Trifels Telefon (06346) 86 04 Telefax (06346) 30 82 91 Web www.ristorantedaangelo.de E-Mail info@ristorantedaangelo.de Vertretungsberechtigt Claudio Vangelista, Giuseppe Vangelista Umsatzsteuer-ID: 207984591 Konzeption &amp; Design Datenschutzerkl\u00e4rung Allgemein Die Erhebung und Verwendung personenbezogener Daten der Nutzer unserer Internetseiten findet ausschlie\u00dflich unter [&hellip;]<\/p>\n","protected":false},"author":1,"featured_media":0,"parent":0,"menu_order":7,"comment_status":"closed","ping_status":"closed","template":"template-fullwidth.php","meta":{"footnotes":""},"class_list":["post-29","page","type-page","status-publish","hentry","post-preview"],"_links":{"self":[{"href":"http:\/\/ristorantedaangelo.de\/index.php\/wp-json\/wp\/v2\/pages\/29","targetHints":{"allow":["GET"]}}],"collection":[{"href":"http:\/\/ristorantedaangelo.de\/index.php\/wp-json\/wp\/v2\/pages"}],"about":[{"href":"http:\/\/ristorantedaangelo.de\/index.php\/wp-json\/wp\/v2\/types\/page"}],"author":[{"embeddable":true,"href":"http:\/\/ristorantedaangelo.de\/index.php\/wp-json\/wp\/v2\/users\/1"}],"replies":[{"embeddable":true,"href":"http:\/\/ristorantedaangelo.de\/index.php\/wp-json\/wp\/v2\/comments?post=29"}],"version-history":[{"count":9,"href":"http:\/\/ristorantedaangelo.de\/index.php\/wp-json\/wp\/v2\/pages\/29\/revisions"}],"predecessor-version":[{"id":130,"href":"http:\/\/ristorantedaangelo.de\/index.php\/wp-json\/wp\/v2\/pages\/29\/revisions\/130"}],"wp:attachment":[{"href":"http:\/\/ristorantedaangelo.de\/index.php\/wp-json\/wp\/v2\/media?parent=29"}],"curies":[{"name":"wp","href":"https:\/\/api.w.org\/{rel}","templated":true}]}}